{"id":1175,"date":"2020-09-21T08:06:55","date_gmt":"2020-09-21T08:06:55","guid":{"rendered":"http:\/\/www.accolade-communication.fr\/?page_id=1175"},"modified":"2022-03-21T19:24:22","modified_gmt":"2022-03-21T19:24:22","slug":"brochures","status":"publish","type":"page","link":"https:\/\/www.accolade-communication.fr\/index.php\/brochures\/","title":{"rendered":"Brochures"},"content":{"rendered":"\t\t<div data-elementor-type=\"wp-page\" data-elementor-id=\"1175\" class=\"elementor elementor-1175\" data-elementor-settings=\"[]\">\n\t\t\t\t\t\t<div class=\"elementor-inner\">\n\t\t\t\t\t\t\t<div class=\"elementor-section-wrap\">\n\t\t\t\t\t\t\t<section class=\"elementor-section elementor-top-section elementor-element elementor-element-fb27765 elementor-section-boxed elementor-section-height-default elementor-section-height-default\" data-id=\"fb27765\" data-element_type=\"section\">\n\t\t\t\t\t\t<div class=\"elementor-container elementor-column-gap-default\">\n\t\t\t\t\t\t\t<div class=\"elementor-row\">\n\t\t\t\t\t<div class=\"elementor-column elementor-col-100 elementor-top-column elementor-element elementor-element-3a87c02\" data-id=\"3a87c02\" data-element_type=\"column\">\n\t\t\t<div class=\"elementor-column-wrap elementor-element-populated\">\n\t\t\t\t\t\t\t<div class=\"elementor-widget-wrap\">\n\t\t\t\t\t\t<section class=\"elementor-section elementor-inner-section elementor-element elementor-element-6f428f1 elementor-section-boxed elementor-section-height-default elementor-section-height-default\" data-id=\"6f428f1\" data-element_type=\"section\">\n\t\t\t\t\t\t<div class=\"elementor-container elementor-column-gap-default\">\n\t\t\t\t\t\t\t<div class=\"elementor-row\">\n\t\t\t\t\t<div class=\"elementor-column elementor-col-50 elementor-inner-column elementor-element elementor-element-0555475\" data-id=\"0555475\" data-element_type=\"column\">\n\t\t\t<div class=\"elementor-column-wrap elementor-element-populated\">\n\t\t\t\t\t\t\t<div class=\"elementor-widget-wrap\">\n\t\t\t\t\t\t<div class=\"elementor-element elementor-element-b0a59da elementor-invisible elementor-widget elementor-widget-image\" data-id=\"b0a59da\" data-element_type=\"widget\" data-settings=\"{&quot;_animation&quot;:&quot;zoomInUp&quot;}\" data-widget_type=\"image.default\">\n\t\t\t\t<div class=\"elementor-widget-container\">\n\t\t\t\t\t<div class=\"elementor-image\">\n\t\t\t\t\t\t\t\t\t\t<img width=\"768\" height=\"485\" src=\"https:\/\/www.accolade-communication.fr\/wp-content\/uploads\/2020\/09\/img-brochure-768x485.jpg\" class=\"attachment-medium_large size-medium_large\" alt=\"\" loading=\"lazy\" srcset=\"https:\/\/www.accolade-communication.fr\/wp-content\/uploads\/2020\/09\/img-brochure-768x485.jpg 768w, https:\/\/www.accolade-communication.fr\/wp-content\/uploads\/2020\/09\/img-brochure-300x189.jpg 300w, https:\/\/www.accolade-communication.fr\/wp-content\/uploads\/2020\/09\/img-brochure.jpg 840w\" sizes=\"(max-width: 768px) 100vw, 768px\" \/>\t\t\t\t\t\t\t\t\t\t\t<\/div>\n\t\t\t\t<\/div>\n\t\t\t\t<\/div>\n\t\t\t\t\t\t<\/div>\n\t\t\t\t\t<\/div>\n\t\t<\/div>\n\t\t\t\t<div class=\"elementor-column elementor-col-50 elementor-inner-column elementor-element elementor-element-1e5d72e\" data-id=\"1e5d72e\" data-element_type=\"column\">\n\t\t\t<div class=\"elementor-column-wrap elementor-element-populated\">\n\t\t\t\t\t\t\t<div class=\"elementor-widget-wrap\">\n\t\t\t\t\t\t<div class=\"elementor-element elementor-element-c3b823b elementor-widget elementor-widget-text-editor\" data-id=\"c3b823b\" data-element_type=\"widget\" data-widget_type=\"text-editor.default\">\n\t\t\t\t<div class=\"elementor-widget-container\">\n\t\t\t\t\t<div class=\"elementor-text-editor elementor-clearfix\"><blockquote><p>El\u00e9gante et pratique, la brochure sur mesure est le format livret qui vous permet de communiquer avec le plus de d\u00e9tails.<\/p><p>Catalogues de produits et services, rapports d\u2019activit\u00e9s, pr\u00e9sentations d\u2019entreprise, revues promotionnelles, magazines, book, elle s\u2019adapte \u00e0 toutes vos exigences et offre un confort de lecture parfaitement adapt\u00e9 \u00e0 ses destinataires.<\/p><\/blockquote><\/div>\n\t\t\t\t<\/div>\n\t\t\t\t<\/div>\n\t\t\t\t\t\t<\/div>\n\t\t\t\t\t<\/div>\n\t\t<\/div>\n\t\t\t\t\t\t\t\t<\/div>\n\t\t\t\t\t<\/div>\n\t\t<\/section>\n\t\t\t\t\t\t<\/div>\n\t\t\t\t\t<\/div>\n\t\t<\/div>\n\t\t\t\t\t\t\t\t<\/div>\n\t\t\t\t\t<\/div>\n\t\t<\/section>\n\t\t\t\t<section class=\"elementor-section elementor-top-section elementor-element elementor-element-02bbda1 elementor-section-boxed elementor-section-height-default elementor-section-height-default\" data-id=\"02bbda1\" data-element_type=\"section\">\n\t\t\t\t\t\t<div class=\"elementor-container elementor-column-gap-default\">\n\t\t\t\t\t\t\t<div class=\"elementor-row\">\n\t\t\t\t\t<div class=\"elementor-column elementor-col-100 elementor-top-column elementor-element elementor-element-5b9c302\" data-id=\"5b9c302\" data-element_type=\"column\">\n\t\t\t<div class=\"elementor-column-wrap elementor-element-populated\">\n\t\t\t\t\t\t\t<div class=\"elementor-widget-wrap\">\n\t\t\t\t\t\t<div class=\"elementor-element elementor-element-861507c elementor-widget elementor-widget-text-editor\" data-id=\"861507c\" data-element_type=\"widget\" data-widget_type=\"text-editor.default\">\n\t\t\t\t<div class=\"elementor-widget-container\">\n\t\t\t\t\t<div class=\"elementor-text-editor elementor-clearfix\"><p>La brochure se pr\u00e9sente sous deux types de brochage :<br \/>&#8211; La brochure 2 points m\u00e9tal, dite &#8220;piqu\u00e9e&#8221; est discr\u00e8te et raffin\u00e9e, avec une reliure agraf\u00e9e qui permet de feuilleter le document facilement.<\/p><p>&#8211; Plus d\u00e9licate, la reliure par collage type catalogue dos carr\u00e9 coll\u00e9\u00a0 n\u2019est possible qu\u2019\u00e0 partir de 48 pages mais permet de supporter un contenu plus important allant jusqu\u2019\u00e0 192 pages.<\/p><\/div>\n\t\t\t\t<\/div>\n\t\t\t\t<\/div>\n\t\t\t\t\t\t<\/div>\n\t\t\t\t\t<\/div>\n\t\t<\/div>\n\t\t\t\t\t\t\t\t<\/div>\n\t\t\t\t\t<\/div>\n\t\t<\/section>\n\t\t\t\t\t\t<\/div>\n\t\t\t\t\t\t<\/div>\n\t\t\t\t\t<\/div>\n\t\t","protected":false},"excerpt":{"rendered":"<p>El\u00e9gante et pratique, la brochure sur mesure est le format livret qui vous permet de communiquer avec le plus de d\u00e9tails. Catalogues de produits et services, rapports d\u2019activit\u00e9s, pr\u00e9sentations d\u2019entreprise, revues promotionnelles, magazines, book, elle s\u2019adapte \u00e0 toutes vos exigences et offre un confort de lecture parfaitement adapt\u00e9 \u00e0 ses destinataires. La brochure se pr\u00e9sente [&hellip;]<\/p>\n","protected":false},"author":1,"featured_media":0,"parent":0,"menu_order":0,"comment_status":"closed","ping_status":"closed","template":"","meta":[],"_links":{"self":[{"href":"https:\/\/www.accolade-communication.fr\/index.php\/wp-json\/wp\/v2\/pages\/1175"}],"collection":[{"href":"https:\/\/www.accolade-communication.fr\/index.php\/wp-json\/wp\/v2\/pages"}],"about":[{"href":"https:\/\/www.accolade-communication.fr\/index.php\/wp-json\/wp\/v2\/types\/page"}],"author":[{"embeddable":true,"href":"https:\/\/www.accolade-communication.fr\/index.php\/wp-json\/wp\/v2\/users\/1"}],"replies":[{"embeddable":true,"href":"https:\/\/www.accolade-communication.fr\/index.php\/wp-json\/wp\/v2\/comments?post=1175"}],"version-history":[{"count":12,"href":"https:\/\/www.accolade-communication.fr\/index.php\/wp-json\/wp\/v2\/pages\/1175\/revisions"}],"predecessor-version":[{"id":1210,"href":"https:\/\/www.accolade-communication.fr\/index.php\/wp-json\/wp\/v2\/pages\/1175\/revisions\/1210"}],"wp:attachment":[{"href":"https:\/\/www.accolade-communication.fr\/index.php\/wp-json\/wp\/v2\/media?parent=1175"}],"curies":[{"name":"wp","href":"https:\/\/api.w.org\/{rel}","templated":true}]}}